{"id":26551,"date":"2024-08-27T10:16:14","date_gmt":"2024-08-27T10:16:14","guid":{"rendered":"https:\/\/frederikkewaerens.dk\/?post_type=product&#038;p=26551"},"modified":"2026-01-14T09:52:40","modified_gmt":"2026-01-14T09:52:40","slug":"bogpakke-med-2-boeger","status":"publish","type":"product","link":"https:\/\/frederikkewaerens.dk\/en\/product\/bogpakke-med-2-boeger\/","title":{"rendered":"Bogpakke med 2 b\u00f8ger"},"content":{"rendered":"<p>&nbsp;<\/p>\n<p>&nbsp;<\/p>\n<p>Her kan du k\u00f8be en bogpakke best\u00e5ende af min nye kogebog Favoritterne og min bagebog Salty Baking Moments med masser af opskrifter p\u00e5 madbr\u00f8d og meget andet:<\/p>\n<ul>\n<li><a href=\"https:\/\/frederikkewaerens.dk\/produkt\/favoritterne\/\">Favoritterne<\/a><\/li>\n<li><a href=\"https:\/\/frederikkewaerens.dk\/produkt\/salty-baking-moments\/\">Salty Baking Moments<\/a><\/li>\n<\/ul>\n<p>Som medlem af <a href=\"https:\/\/frederikkewaerens.dk\/produkt\/frederikkes-madklub\/\">Frederikke\u2019s Madklub<\/a> har du allerede f\u00e5et fratrukket 10% \ud83d\ude42<\/p>\n","protected":false},"excerpt":{"rendered":"<p>&nbsp; &nbsp; Her kan du k\u00f8be en bogpakke best\u00e5ende af min nye kogebog Favoritterne og min bagebog Salty Baking Moments med masser af opskrifter p\u00e5 madbr\u00f8d og meget andet: Favoritterne Salty Baking Moments Som medlem af Frederikke\u2019s Madklub har du allerede f\u00e5et fratrukket 10% \ud83d\ude42<\/p>\n","protected":false},"featured_media":26552,"template":"","meta":{"_acf_changed":false},"product_brand":[],"product_cat":[1997],"product_tag":[],"class_list":{"0":"post-26551","1":"product","2":"type-product","3":"status-publish","4":"has-post-thumbnail","7":"first","8":"instock","9":"taxable","10":"shipping-taxable","11":"purchasable","12":"product-type-simple"},"acf":[],"yoast_head":"<!-- This site is optimized with the Yoast SEO plugin v25.4 - https:\/\/yoast.com\/wordpress\/plugins\/seo\/ -->\n<title>Bogpakke med 2 b\u00f8ger - Frederikke W\u00e6rens<\/title>\n<meta name=\"robots\" content=\"index, follow, max-snippet:-1, max-image-preview:large, max-video-preview:-1\" \/>\n<link rel=\"canonical\" href=\"https:\/\/frederikkewaerens.dk\/en\/product\/bogpakke-med-2-boeger\/\" \/>\n<meta property=\"og:locale\" content=\"en_US\" \/>\n<meta property=\"og:type\" content=\"article\" \/>\n<meta property=\"og:title\" content=\"Bogpakke med 2 b\u00f8ger - Frederikke W\u00e6rens\" \/>\n<meta property=\"og:description\" content=\"&nbsp; &nbsp; Her kan du k\u00f8be en bogpakke best\u00e5ende af min nye kogebog Favoritterne og min bagebog Salty Baking Moments med masser af opskrifter p\u00e5 madbr\u00f8d og meget andet: Favoritterne Salty Baking Moments Som medlem af Frederikke\u2019s Madklub har du allerede f\u00e5et fratrukket 10% \ud83d\ude42\" \/>\n<meta property=\"og:url\" content=\"https:\/\/frederikkewaerens.dk\/en\/product\/bogpakke-med-2-boeger\/\" \/>\n<meta property=\"og:site_name\" content=\"Frederikke W\u00e6rens\" \/>\n<meta property=\"article:modified_time\" content=\"2026-01-14T09:52:40+00:00\" \/>\n<meta property=\"og:image\" content=\"https:\/\/frederikkewaerens.dk\/wp-content\/uploads\/2024\/08\/Frederikke-Waerens-Bogpakke-21.jpg\" \/>\n\t<meta property=\"og:image:width\" content=\"2647\" \/>\n\t<meta property=\"og:image:height\" content=\"3734\" \/>\n\t<meta property=\"og:image:type\" content=\"image\/jpeg\" \/>\n<meta name=\"twitter:card\" content=\"summary_large_image\" \/>\n<meta name=\"twitter:label1\" content=\"Est. reading time\" \/>\n\t<meta name=\"twitter:data1\" content=\"1 minute\" \/>\n<script type=\"application\/ld+json\" class=\"yoast-schema-graph\">{\"@context\":\"https:\/\/schema.org\",\"@graph\":[{\"@type\":\"WebPage\",\"@id\":\"https:\/\/frederikkewaerens.dk\/en\/product\/bogpakke-med-2-boeger\/\",\"url\":\"https:\/\/frederikkewaerens.dk\/en\/product\/bogpakke-med-2-boeger\/\",\"name\":\"Bogpakke med 2 b\u00f8ger - Frederikke W\u00e6rens\",\"isPartOf\":{\"@id\":\"https:\/\/frederikkewaerens.dk\/en\/#website\"},\"primaryImageOfPage\":{\"@id\":\"https:\/\/frederikkewaerens.dk\/en\/product\/bogpakke-med-2-boeger\/#primaryimage\"},\"image\":{\"@id\":\"https:\/\/frederikkewaerens.dk\/en\/product\/bogpakke-med-2-boeger\/#primaryimage\"},\"thumbnailUrl\":\"https:\/\/frederikkewaerens.dk\/wp-content\/uploads\/2024\/08\/Frederikke-Waerens-Bogpakke-21.jpg\",\"datePublished\":\"2024-08-27T10:16:14+00:00\",\"dateModified\":\"2026-01-14T09:52:40+00:00\",\"breadcrumb\":{\"@id\":\"https:\/\/frederikkewaerens.dk\/en\/product\/bogpakke-med-2-boeger\/#breadcrumb\"},\"inLanguage\":\"en-US\",\"potentialAction\":[{\"@type\":\"ReadAction\",\"target\":[\"https:\/\/frederikkewaerens.dk\/en\/product\/bogpakke-med-2-boeger\/\"]}]},{\"@type\":\"ImageObject\",\"inLanguage\":\"en-US\",\"@id\":\"https:\/\/frederikkewaerens.dk\/en\/product\/bogpakke-med-2-boeger\/#primaryimage\",\"url\":\"https:\/\/frederikkewaerens.dk\/wp-content\/uploads\/2024\/08\/Frederikke-Waerens-Bogpakke-21.jpg\",\"contentUrl\":\"https:\/\/frederikkewaerens.dk\/wp-content\/uploads\/2024\/08\/Frederikke-Waerens-Bogpakke-21.jpg\",\"width\":2647,\"height\":3734,\"caption\":\"Bogpakke\"},{\"@type\":\"BreadcrumbList\",\"@id\":\"https:\/\/frederikkewaerens.dk\/en\/product\/bogpakke-med-2-boeger\/#breadcrumb\",\"itemListElement\":[{\"@type\":\"ListItem\",\"position\":1,\"name\":\"Shop\",\"item\":\"https:\/\/frederikkewaerens.dk\/en\/shop\/\"},{\"@type\":\"ListItem\",\"position\":2,\"name\":\"Bogpakke med 2 b\u00f8ger\"}]},{\"@type\":\"WebSite\",\"@id\":\"https:\/\/frederikkewaerens.dk\/en\/#website\",\"url\":\"https:\/\/frederikkewaerens.dk\/en\/\",\"name\":\"Frederikke W\u00e6rens\",\"description\":\"\",\"potentialAction\":[{\"@type\":\"SearchAction\",\"target\":{\"@type\":\"EntryPoint\",\"urlTemplate\":\"https:\/\/frederikkewaerens.dk\/en\/?s={search_term_string}\"},\"query-input\":{\"@type\":\"PropertyValueSpecification\",\"valueRequired\":true,\"valueName\":\"search_term_string\"}}],\"inLanguage\":\"en-US\"}]}<\/script>\n<!-- \/ Yoast SEO plugin. -->","yoast_head_json":{"title":"Bogpakke med 2 b\u00f8ger - Frederikke W\u00e6rens","robots":{"index":"index","follow":"follow","max-snippet":"max-snippet:-1","max-image-preview":"max-image-preview:large","max-video-preview":"max-video-preview:-1"},"canonical":"https:\/\/frederikkewaerens.dk\/en\/product\/bogpakke-med-2-boeger\/","og_locale":"en_US","og_type":"article","og_title":"Bogpakke med 2 b\u00f8ger - Frederikke W\u00e6rens","og_description":"&nbsp; &nbsp; Her kan du k\u00f8be en bogpakke best\u00e5ende af min nye kogebog Favoritterne og min bagebog Salty Baking Moments med masser af opskrifter p\u00e5 madbr\u00f8d og meget andet: Favoritterne Salty Baking Moments Som medlem af Frederikke\u2019s Madklub har du allerede f\u00e5et fratrukket 10% \ud83d\ude42","og_url":"https:\/\/frederikkewaerens.dk\/en\/product\/bogpakke-med-2-boeger\/","og_site_name":"Frederikke W\u00e6rens","article_modified_time":"2026-01-14T09:52:40+00:00","og_image":[{"width":2647,"height":3734,"url":"https:\/\/frederikkewaerens.dk\/wp-content\/uploads\/2024\/08\/Frederikke-Waerens-Bogpakke-21.jpg","type":"image\/jpeg"}],"twitter_card":"summary_large_image","twitter_misc":{"Est. reading time":"1 minute"},"schema":{"@context":"https:\/\/schema.org","@graph":[{"@type":"WebPage","@id":"https:\/\/frederikkewaerens.dk\/en\/product\/bogpakke-med-2-boeger\/","url":"https:\/\/frederikkewaerens.dk\/en\/product\/bogpakke-med-2-boeger\/","name":"Bogpakke med 2 b\u00f8ger - Frederikke W\u00e6rens","isPartOf":{"@id":"https:\/\/frederikkewaerens.dk\/en\/#website"},"primaryImageOfPage":{"@id":"https:\/\/frederikkewaerens.dk\/en\/product\/bogpakke-med-2-boeger\/#primaryimage"},"image":{"@id":"https:\/\/frederikkewaerens.dk\/en\/product\/bogpakke-med-2-boeger\/#primaryimage"},"thumbnailUrl":"https:\/\/frederikkewaerens.dk\/wp-content\/uploads\/2024\/08\/Frederikke-Waerens-Bogpakke-21.jpg","datePublished":"2024-08-27T10:16:14+00:00","dateModified":"2026-01-14T09:52:40+00:00","breadcrumb":{"@id":"https:\/\/frederikkewaerens.dk\/en\/product\/bogpakke-med-2-boeger\/#breadcrumb"},"inLanguage":"en-US","potentialAction":[{"@type":"ReadAction","target":["https:\/\/frederikkewaerens.dk\/en\/product\/bogpakke-med-2-boeger\/"]}]},{"@type":"ImageObject","inLanguage":"en-US","@id":"https:\/\/frederikkewaerens.dk\/en\/product\/bogpakke-med-2-boeger\/#primaryimage","url":"https:\/\/frederikkewaerens.dk\/wp-content\/uploads\/2024\/08\/Frederikke-Waerens-Bogpakke-21.jpg","contentUrl":"https:\/\/frederikkewaerens.dk\/wp-content\/uploads\/2024\/08\/Frederikke-Waerens-Bogpakke-21.jpg","width":2647,"height":3734,"caption":"Bogpakke"},{"@type":"BreadcrumbList","@id":"https:\/\/frederikkewaerens.dk\/en\/product\/bogpakke-med-2-boeger\/#breadcrumb","itemListElement":[{"@type":"ListItem","position":1,"name":"Shop","item":"https:\/\/frederikkewaerens.dk\/en\/shop\/"},{"@type":"ListItem","position":2,"name":"Bogpakke med 2 b\u00f8ger"}]},{"@type":"WebSite","@id":"https:\/\/frederikkewaerens.dk\/en\/#website","url":"https:\/\/frederikkewaerens.dk\/en\/","name":"Frederikke W\u00e6rens","description":"","potentialAction":[{"@type":"SearchAction","target":{"@type":"EntryPoint","urlTemplate":"https:\/\/frederikkewaerens.dk\/en\/?s={search_term_string}"},"query-input":{"@type":"PropertyValueSpecification","valueRequired":true,"valueName":"search_term_string"}}],"inLanguage":"en-US"}]}},"_links":{"self":[{"href":"https:\/\/frederikkewaerens.dk\/en\/wp-json\/wp\/v2\/product\/26551","targetHints":{"allow":["GET"]}}],"collection":[{"href":"https:\/\/frederikkewaerens.dk\/en\/wp-json\/wp\/v2\/product"}],"about":[{"href":"https:\/\/frederikkewaerens.dk\/en\/wp-json\/wp\/v2\/types\/product"}],"wp:featuredmedia":[{"embeddable":true,"href":"https:\/\/frederikkewaerens.dk\/en\/wp-json\/wp\/v2\/media\/26552"}],"wp:attachment":[{"href":"https:\/\/frederikkewaerens.dk\/en\/wp-json\/wp\/v2\/media?parent=26551"}],"wp:term":[{"taxonomy":"product_brand","embeddable":true,"href":"https:\/\/frederikkewaerens.dk\/en\/wp-json\/wp\/v2\/product_brand?post=26551"},{"taxonomy":"product_cat","embeddable":true,"href":"https:\/\/frederikkewaerens.dk\/en\/wp-json\/wp\/v2\/product_cat?post=26551"},{"taxonomy":"product_tag","embeddable":true,"href":"https:\/\/frederikkewaerens.dk\/en\/wp-json\/wp\/v2\/product_tag?post=26551"}],"curies":[{"name":"wp","href":"https:\/\/api.w.org\/{rel}","templated":true}]}}