{"id":200,"date":"2023-07-06T08:47:10","date_gmt":"2023-07-06T08:47:10","guid":{"rendered":"https:\/\/clients.rubystudio.dk\/frederikkewaerens-2.0\/?post_type=product&#038;p=200"},"modified":"2023-11-09T11:23:41","modified_gmt":"2023-11-09T11:23:41","slug":"bogstavskabeloner","status":"publish","type":"product","link":"https:\/\/frederikkewaerens.dk\/en\/product\/bogstavskabeloner\/","title":{"rendered":"Skabeloner: Bogstaver"},"content":{"rendered":"<p>Print-selv bogstavsskabeloner til tal-og bogstavkager.<\/p>\n<p>I er vilde med mine opskrifter p\u00e5 tal-og bogstavkager og i forbindelse med udgivelsen af min f\u00f8rste bog <a href=\"https:\/\/frederikkewaerens.dk\/produkt\/baking-moments\/\">Baking Moments<\/a>, hvor der er en opskrift p\u00e5 tal-og bogstavkage, har jeg f\u00e5et lavet disse fine print-selv skabeloner. Det er super smart, da du s\u00e5 bare kan printe alle skabelonerne ud. N\u00e5r du har gjort det, kan du klikke skabelonerne til, s\u00e5 du kan placere et bogstav oven p\u00e5 kagen. Du f\u00e5r alle bogstaverne fra A-\u00c5, s\u00e5 du har alle dem, du skal bruge.<\/p>\n<p><strong>Hvad f\u00e5r jeg?<\/strong><\/p>\n<p>N\u00e5r du k\u00f8ber skabelonerne, s\u00e5 f\u00e5r du 2 slags skabeloner til bogstavkager i forskellige st\u00f8rrelser:<\/p>\n<p>\u2013 Bogstavskabeloner A5<\/p>\n<p>\u2013 Bogstavskabeloner A4<\/p>\n<p>N\u00e5r du har gennemf\u00f8rt betalingen, s\u00e5 modtager du en mail med links til ubegr\u00e6nset download af de forskellige skabeloner. N\u00e5r du skal downloade skabelonerne anbefaler jeg at g\u00f8re det via Adobe Acrobat Reader.<\/p>\n<p>N\u00e5r du klipper skabelonerne ud, og placerer p\u00e5 kagen, bliver der noget kage tilovers. Jeg laver altid romkugler eller tr\u00e6stammer af overskydende kage, se min <a href=\"https:\/\/frederikkewaerens.dk\/popcakes-romkugler-og-traestammer\/\">opskrift her<\/a> eller i min bog Baking Moments, hvor jeg har en <a href=\"https:\/\/frederikkewaerens.dk\/produkt\/baking-moments\/\">opskrift p\u00e5 verdens bedste romkugler!<\/a><\/p>\n<h2>S\u00e5dan bruger du bogstavsskabeloner<\/h2>\n<p>Det er super nemt at bruge de her bogstavsskabeloner. N\u00e5r du har f\u00e5et k\u00f8bt skabelonerne og downloadet filen ned p\u00e5 din din computer, skal du have printet dem ud. Skabelonerne kommer med farve, men du kan sagtens printe dem ud i sort\/hvid &#8211; det har ingen betydning.<\/p>\n<p>N\u00e5r du har f\u00e5et skabelonerne printet, skal de klippes til. Jeg har lavet en stiplet linje, s\u00e5 du nemt kan se, hvor skabelonen skal klippes henne. N\u00e5r du har klippet dine bogstaver fri af papiret, er de klar til brug. Du finder min opskrift p\u00e5 bogtavskage\/talkage i min bog &#8216;Baking Moments&#8217;.<\/p>\n<p>Du kan til hver en tid g\u00e5 ind og downlade skabelonerne p\u00e5 ny.<\/p>\n<p>Som medlem af <a href=\"https:\/\/frederikkewaerens.dk\/produkt\/frederikkes-madklub\/\">Frederikke&#8217;s Madklub<\/a> har du allerede f\u00e5et fratrukket 10% \ud83d\ude42<\/p>\n","protected":false},"excerpt":{"rendered":"<p>Print-selv skabeloner til tal-og bogstavkager.<\/p>\n<p>I er vilde med mine opskrifter p\u00e5 tal-og bogstavkager og i forbindelse med udgivelsen af min f\u00f8rste bog <a href=\"https:\/\/frederikkewaerens.dk\/produkt\/baking-moments\/\">Baking Moments<\/a>, hvor der er en opskrift p\u00e5 tal-og bogstavkage, har jeg f\u00e5et lavet disse fine print-selv skabeloner.<\/p>\n<p><strong>Hvad f\u00e5r jeg?<\/strong><\/p>\n<p>N\u00e5r du k\u00f8ber skabelonerne, s\u00e5 f\u00e5r du 2 slags skabeloner til bogstavkager i forskellige st\u00f8rrelser:<\/p>\n<p>\u2013 Bogstavskabeloner A5<\/p>\n<p>\u2013 Bogstavskabeloner A4<\/p>\n<p>N\u00e5r du har gennemf\u00f8rt betalingen, s\u00e5 modtager du en mail med links til ubegr\u00e6nset download af de forskellige skabeloner. N\u00e5r du skal downloade skabelonerne anbefaler jeg at g\u00f8re det via Adobe Acrobat Reader.<\/p>\n<p>N\u00e5r du klipper skabelonerne ud, og placerer p\u00e5 kagen, bliver der noget kage tilovers. Jeg laver altid romkugler eller tr\u00e6stammer af overskydende kage, se min <a href=\"https:\/\/frederikkewaerens.dk\/popcakes-romkugler-og-traestammer\/\">opskrift her<\/a> eller i min bog Baking Moments, hvor jeg har en <a href=\"https:\/\/frederikkewaerens.dk\/produkt\/baking-moments\/\">opskrift p\u00e5 verdens bedste romkugler!<\/a><\/p>\n<p>Som medlem af <a href=\"https:\/\/frederikkewaerens.dk\/produkt\/frederikkes-madklub\/\">Frederikke&#8217;s Madklub<\/a> har du allerede f\u00e5et fratrukket 10% \ud83d\ude42<\/p>\n","protected":false},"featured_media":201,"template":"","meta":{"_acf_changed":false},"product_brand":[],"product_cat":[1996],"product_tag":[],"class_list":{"0":"post-200","1":"product","2":"type-product","3":"status-publish","4":"has-post-thumbnail","7":"first","8":"instock","9":"downloadable","10":"virtual","11":"taxable","12":"purchasable","13":"product-type-simple"},"acf":[],"yoast_head":"<!-- This site is optimized with the Yoast SEO plugin v25.4 - https:\/\/yoast.com\/wordpress\/plugins\/seo\/ -->\n<title>Bogstavsskabeloner til kage - Lav nemt en flot talkage<\/title>\n<meta name=\"description\" content=\"Her kan du downloade mine bogstavsskabeloner til kage. Du f\u00e5r dem i A4 og A5 st\u00f8rrelse, s\u00e5 du kan bruge dem til talkager og andet.\" \/>\n<meta name=\"robots\" content=\"index, follow, max-snippet:-1, max-image-preview:large, max-video-preview:-1\" \/>\n<link rel=\"canonical\" href=\"https:\/\/frederikkewaerens.dk\/en\/product\/bogstavskabeloner\/\" \/>\n<meta property=\"og:locale\" content=\"en_US\" \/>\n<meta property=\"og:type\" content=\"article\" \/>\n<meta property=\"og:title\" content=\"Bogstavsskabeloner til kage - Lav nemt en flot talkage\" \/>\n<meta property=\"og:description\" content=\"Her kan du downloade mine bogstavsskabeloner til kage. Du f\u00e5r dem i A4 og A5 st\u00f8rrelse, s\u00e5 du kan bruge dem til talkager og andet.\" \/>\n<meta property=\"og:url\" content=\"https:\/\/frederikkewaerens.dk\/en\/product\/bogstavskabeloner\/\" \/>\n<meta property=\"og:site_name\" content=\"Frederikke W\u00e6rens\" \/>\n<meta property=\"article:modified_time\" content=\"2023-11-09T11:23:41+00:00\" \/>\n<meta property=\"og:image\" content=\"https:\/\/frederikkewaerens.dk\/wp-content\/uploads\/2023\/07\/fw-bogstavskabeloner@2x.jpg\" \/>\n\t<meta property=\"og:image:width\" content=\"748\" \/>\n\t<meta property=\"og:image:height\" content=\"748\" \/>\n\t<meta property=\"og:image:type\" content=\"image\/jpeg\" \/>\n<meta name=\"twitter:card\" content=\"summary_large_image\" \/>\n<meta name=\"twitter:label1\" content=\"Est. reading time\" \/>\n\t<meta name=\"twitter:data1\" content=\"2 minutes\" \/>\n<script type=\"application\/ld+json\" class=\"yoast-schema-graph\">{\"@context\":\"https:\/\/schema.org\",\"@graph\":[{\"@type\":\"WebPage\",\"@id\":\"https:\/\/frederikkewaerens.dk\/en\/product\/bogstavskabeloner\/\",\"url\":\"https:\/\/frederikkewaerens.dk\/en\/product\/bogstavskabeloner\/\",\"name\":\"Bogstavsskabeloner til kage - Lav nemt en flot talkage\",\"isPartOf\":{\"@id\":\"https:\/\/frederikkewaerens.dk\/en\/#website\"},\"primaryImageOfPage\":{\"@id\":\"https:\/\/frederikkewaerens.dk\/en\/product\/bogstavskabeloner\/#primaryimage\"},\"image\":{\"@id\":\"https:\/\/frederikkewaerens.dk\/en\/product\/bogstavskabeloner\/#primaryimage\"},\"thumbnailUrl\":\"https:\/\/frederikkewaerens.dk\/wp-content\/uploads\/2023\/07\/fw-bogstavskabeloner@2x.jpg\",\"datePublished\":\"2023-07-06T08:47:10+00:00\",\"dateModified\":\"2023-11-09T11:23:41+00:00\",\"description\":\"Her kan du downloade mine bogstavsskabeloner til kage. Du f\u00e5r dem i A4 og A5 st\u00f8rrelse, s\u00e5 du kan bruge dem til talkager og andet.\",\"breadcrumb\":{\"@id\":\"https:\/\/frederikkewaerens.dk\/en\/product\/bogstavskabeloner\/#breadcrumb\"},\"inLanguage\":\"en-US\",\"potentialAction\":[{\"@type\":\"ReadAction\",\"target\":[\"https:\/\/frederikkewaerens.dk\/en\/product\/bogstavskabeloner\/\"]}]},{\"@type\":\"ImageObject\",\"inLanguage\":\"en-US\",\"@id\":\"https:\/\/frederikkewaerens.dk\/en\/product\/bogstavskabeloner\/#primaryimage\",\"url\":\"https:\/\/frederikkewaerens.dk\/wp-content\/uploads\/2023\/07\/fw-bogstavskabeloner@2x.jpg\",\"contentUrl\":\"https:\/\/frederikkewaerens.dk\/wp-content\/uploads\/2023\/07\/fw-bogstavskabeloner@2x.jpg\",\"width\":748,\"height\":748,\"caption\":\"Bogstavsskabeloner - Frederikke W\u00e6rens\"},{\"@type\":\"BreadcrumbList\",\"@id\":\"https:\/\/frederikkewaerens.dk\/en\/product\/bogstavskabeloner\/#breadcrumb\",\"itemListElement\":[{\"@type\":\"ListItem\",\"position\":1,\"name\":\"Shop\",\"item\":\"https:\/\/frederikkewaerens.dk\/en\/shop\/\"},{\"@type\":\"ListItem\",\"position\":2,\"name\":\"Skabeloner: Bogstaver\"}]},{\"@type\":\"WebSite\",\"@id\":\"https:\/\/frederikkewaerens.dk\/en\/#website\",\"url\":\"https:\/\/frederikkewaerens.dk\/en\/\",\"name\":\"Frederikke W\u00e6rens\",\"description\":\"\",\"potentialAction\":[{\"@type\":\"SearchAction\",\"target\":{\"@type\":\"EntryPoint\",\"urlTemplate\":\"https:\/\/frederikkewaerens.dk\/en\/?s={search_term_string}\"},\"query-input\":{\"@type\":\"PropertyValueSpecification\",\"valueRequired\":true,\"valueName\":\"search_term_string\"}}],\"inLanguage\":\"en-US\"}]}<\/script>\n<!-- \/ Yoast SEO plugin. -->","yoast_head_json":{"title":"Bogstavsskabeloner til kage - Lav nemt en flot talkage","description":"Her kan du downloade mine bogstavsskabeloner til kage. Du f\u00e5r dem i A4 og A5 st\u00f8rrelse, s\u00e5 du kan bruge dem til talkager og andet.","robots":{"index":"index","follow":"follow","max-snippet":"max-snippet:-1","max-image-preview":"max-image-preview:large","max-video-preview":"max-video-preview:-1"},"canonical":"https:\/\/frederikkewaerens.dk\/en\/product\/bogstavskabeloner\/","og_locale":"en_US","og_type":"article","og_title":"Bogstavsskabeloner til kage - Lav nemt en flot talkage","og_description":"Her kan du downloade mine bogstavsskabeloner til kage. Du f\u00e5r dem i A4 og A5 st\u00f8rrelse, s\u00e5 du kan bruge dem til talkager og andet.","og_url":"https:\/\/frederikkewaerens.dk\/en\/product\/bogstavskabeloner\/","og_site_name":"Frederikke W\u00e6rens","article_modified_time":"2023-11-09T11:23:41+00:00","og_image":[{"width":748,"height":748,"url":"https:\/\/frederikkewaerens.dk\/wp-content\/uploads\/2023\/07\/fw-bogstavskabeloner@2x.jpg","type":"image\/jpeg"}],"twitter_card":"summary_large_image","twitter_misc":{"Est. reading time":"2 minutes"},"schema":{"@context":"https:\/\/schema.org","@graph":[{"@type":"WebPage","@id":"https:\/\/frederikkewaerens.dk\/en\/product\/bogstavskabeloner\/","url":"https:\/\/frederikkewaerens.dk\/en\/product\/bogstavskabeloner\/","name":"Bogstavsskabeloner til kage - Lav nemt en flot talkage","isPartOf":{"@id":"https:\/\/frederikkewaerens.dk\/en\/#website"},"primaryImageOfPage":{"@id":"https:\/\/frederikkewaerens.dk\/en\/product\/bogstavskabeloner\/#primaryimage"},"image":{"@id":"https:\/\/frederikkewaerens.dk\/en\/product\/bogstavskabeloner\/#primaryimage"},"thumbnailUrl":"https:\/\/frederikkewaerens.dk\/wp-content\/uploads\/2023\/07\/fw-bogstavskabeloner@2x.jpg","datePublished":"2023-07-06T08:47:10+00:00","dateModified":"2023-11-09T11:23:41+00:00","description":"Her kan du downloade mine bogstavsskabeloner til kage. Du f\u00e5r dem i A4 og A5 st\u00f8rrelse, s\u00e5 du kan bruge dem til talkager og andet.","breadcrumb":{"@id":"https:\/\/frederikkewaerens.dk\/en\/product\/bogstavskabeloner\/#breadcrumb"},"inLanguage":"en-US","potentialAction":[{"@type":"ReadAction","target":["https:\/\/frederikkewaerens.dk\/en\/product\/bogstavskabeloner\/"]}]},{"@type":"ImageObject","inLanguage":"en-US","@id":"https:\/\/frederikkewaerens.dk\/en\/product\/bogstavskabeloner\/#primaryimage","url":"https:\/\/frederikkewaerens.dk\/wp-content\/uploads\/2023\/07\/fw-bogstavskabeloner@2x.jpg","contentUrl":"https:\/\/frederikkewaerens.dk\/wp-content\/uploads\/2023\/07\/fw-bogstavskabeloner@2x.jpg","width":748,"height":748,"caption":"Bogstavsskabeloner - Frederikke W\u00e6rens"},{"@type":"BreadcrumbList","@id":"https:\/\/frederikkewaerens.dk\/en\/product\/bogstavskabeloner\/#breadcrumb","itemListElement":[{"@type":"ListItem","position":1,"name":"Shop","item":"https:\/\/frederikkewaerens.dk\/en\/shop\/"},{"@type":"ListItem","position":2,"name":"Skabeloner: Bogstaver"}]},{"@type":"WebSite","@id":"https:\/\/frederikkewaerens.dk\/en\/#website","url":"https:\/\/frederikkewaerens.dk\/en\/","name":"Frederikke W\u00e6rens","description":"","potentialAction":[{"@type":"SearchAction","target":{"@type":"EntryPoint","urlTemplate":"https:\/\/frederikkewaerens.dk\/en\/?s={search_term_string}"},"query-input":{"@type":"PropertyValueSpecification","valueRequired":true,"valueName":"search_term_string"}}],"inLanguage":"en-US"}]}},"_links":{"self":[{"href":"https:\/\/frederikkewaerens.dk\/en\/wp-json\/wp\/v2\/product\/200","targetHints":{"allow":["GET"]}}],"collection":[{"href":"https:\/\/frederikkewaerens.dk\/en\/wp-json\/wp\/v2\/product"}],"about":[{"href":"https:\/\/frederikkewaerens.dk\/en\/wp-json\/wp\/v2\/types\/product"}],"wp:featuredmedia":[{"embeddable":true,"href":"https:\/\/frederikkewaerens.dk\/en\/wp-json\/wp\/v2\/media\/201"}],"wp:attachment":[{"href":"https:\/\/frederikkewaerens.dk\/en\/wp-json\/wp\/v2\/media?parent=200"}],"wp:term":[{"taxonomy":"product_brand","embeddable":true,"href":"https:\/\/frederikkewaerens.dk\/en\/wp-json\/wp\/v2\/product_brand?post=200"},{"taxonomy":"product_cat","embeddable":true,"href":"https:\/\/frederikkewaerens.dk\/en\/wp-json\/wp\/v2\/product_cat?post=200"},{"taxonomy":"product_tag","embeddable":true,"href":"https:\/\/frederikkewaerens.dk\/en\/wp-json\/wp\/v2\/product_tag?post=200"}],"curies":[{"name":"wp","href":"https:\/\/api.w.org\/{rel}","templated":true}]}}