{"id":198,"date":"2023-07-06T08:15:07","date_gmt":"2023-07-06T08:15:07","guid":{"rendered":"https:\/\/clients.rubystudio.dk\/frederikkewaerens-2.0\/?post_type=product&#038;p=198"},"modified":"2023-11-09T11:56:20","modified_gmt":"2023-11-09T11:56:20","slug":"talskabeloner","status":"publish","type":"product","link":"https:\/\/frederikkewaerens.dk\/en\/product\/talskabeloner\/","title":{"rendered":"Skabeloner: Tal"},"content":{"rendered":"<p>Print-selv talskabeloner til talkager.<\/p>\n<p>I er vilde med mine opskrifter p\u00e5 tal-og bogstavkager og i forbindelse med udgivelsen af min f\u00f8rste bog <a href=\"https:\/\/frederikkewaerens.dk\/produkt\/baking-moments\/\">Baking Moments<\/a>, hvor der er en opskrift p\u00e5 tal-og bogstavkage, har jeg f\u00e5et lavet disse fine print-selv skabeloner.<\/p>\n<p><strong>Hvad f\u00e5r jeg?<\/strong><\/p>\n<p>N\u00e5r du k\u00f8ber skabelonerne, s\u00e5 f\u00e5r du 2 slags skabeloner til talkager i forskellige st\u00f8rrelser:<\/p>\n<p>\u2013 Talskabeloner A5<\/p>\n<p>\u2013 Talskabeloner A4<\/p>\n<p>N\u00e5r du har gennemf\u00f8rt betalingen, s\u00e5 modtager du en mail med links til ubegr\u00e6nset download af de forskellige skabeloner. N\u00e5r du skal downloade skabelonerne anbefaler jeg at g\u00f8re det via Adobe Acrobat Reader.<\/p>\n<p>N\u00e5r du klipper skabelonerne ud, og placerer p\u00e5 kagen, bliver der noget kage tilovers. Jeg laver altid romkugler eller tr\u00e6stammer af overskydende kage, se min <a href=\"https:\/\/frederikkewaerens.dk\/popcakes-romkugler-og-traestammer\/\">opskrift her<\/a> eller i min bog Baking Moments, hvor jeg har en <a href=\"https:\/\/frederikkewaerens.dk\/produkt\/baking-moments\/\">opskrift p\u00e5 verdens bedste romkugler!<\/a><\/p>\n<h2>S\u00e5dan bruger du talskabelonerne<\/h2>\n<p>Det er virkelig nemt at lave flotte talkager, n\u00e5r du f\u00f8rst har f\u00e5et downloadet mine talskabeloner. Det du g\u00f8r, n\u00e5r du har k\u00f8bt dem er, at du downloader dem ned p\u00e5 din computer. N\u00e5r du har gjort det, skal du have dem printet ud. Du kan b\u00e5de printe dem ud i den klassiske A4 st\u00f8rrelse og den anden A5 st\u00f8rrelse. Jeg har lavet skabelonerne med farve p\u00e5, men du kan sagtens printe dem ud i sort\/hvid, hvis det er nemmere.<\/p>\n<p>N\u00e5r de er printet, skal du klippe dem til. Jeg har markeret tydeligt p\u00e5 skabelonen, hvor du kan klippe dem til. S\u00e5 kan du bare f\u00f8lge linjen, og s\u00e5 har du alle de fine skabeloner.<\/p>\n<p>Det jeg g\u00f8r, n\u00e5r jeg bruger talskabelonerne til en talkage er, at jeg s\u00e6tter skabelonerne fast med tandstikker. P\u00e5 den m\u00e5de rykker skabelonen ikke rundt i takt med, at jeg sk\u00e6rer kagen til. P\u00e5 den m\u00e5de sikrer du dig det bedste resultat.<\/p>\n<p>Som medlem af <a href=\"https:\/\/frederikkewaerens.dk\/produkt\/frederikkes-madklub\/\">Frederikke&#8217;s Madklub<\/a> har du allerede f\u00e5et fratrukket 10% \ud83d\ude42<\/p>\n","protected":false},"excerpt":{"rendered":"<p>Print-selv talskabeloner til talkager.<\/p>\n<p>I er vilde med mine opskrifter p\u00e5 tal-og bogstavkager og i forbindelse med udgivelsen af min f\u00f8rste bog <a href=\"https:\/\/frederikkewaerens.dk\/produkt\/baking-moments\/\">Baking Moments<\/a>, hvor der er en opskrift p\u00e5 tal-og bogstavkage, har jeg f\u00e5et lavet disse fine print-selv skabeloner.<\/p>\n<p><strong>Hvad f\u00e5r jeg?<\/strong><\/p>\n<p>N\u00e5r du k\u00f8ber skabelonerne, s\u00e5 f\u00e5r du 2 slags skabeloner til talkager i forskellige st\u00f8rrelser:<\/p>\n<p>\u2013 Talskabeloner A5<\/p>\n<p>\u2013 Talskabeloner A4<\/p>\n<p>N\u00e5r du har gennemf\u00f8rt betalingen, s\u00e5 modtager du en mail med links til ubegr\u00e6nset download af de forskellige skabeloner. N\u00e5r du skal downloade skabelonerne anbefaler jeg at g\u00f8re det via Adobe Acrobat Reader.<\/p>\n<p>N\u00e5r du klipper skabelonerne ud, og placerer p\u00e5 kagen, bliver der noget kage tilovers. Jeg laver altid romkugler eller tr\u00e6stammer af overskydende kage, se min <a href=\"https:\/\/frederikkewaerens.dk\/popcakes-romkugler-og-traestammer\/\">opskrift her<\/a> eller i min bog Baking Moments, hvor jeg har en <a href=\"https:\/\/frederikkewaerens.dk\/produkt\/baking-moments\/\">opskrift p\u00e5 verdens bedste romkugler!<\/a><\/p>\n<p>Som medlem af <a href=\"https:\/\/frederikkewaerens.dk\/produkt\/frederikkes-madklub\/\">Frederikke&#8217;s Madklub<\/a> har du allerede f\u00e5et fratrukket 10% \ud83d\ude42<\/p>\n","protected":false},"featured_media":199,"template":"","meta":{"_acf_changed":false},"product_brand":[],"product_cat":[1996],"product_tag":[],"class_list":{"0":"post-198","1":"product","2":"type-product","3":"status-publish","4":"has-post-thumbnail","7":"first","8":"instock","9":"downloadable","10":"virtual","11":"taxable","12":"purchasable","13":"product-type-simple"},"acf":[],"yoast_head":"<!-- This site is optimized with the Yoast SEO plugin v25.4 - https:\/\/yoast.com\/wordpress\/plugins\/seo\/ -->\n<title>Talskabeloner til kage - Lav en smuk talkage<\/title>\n<meta name=\"description\" content=\"Du kan bruge de her talskabeloner, n\u00e5r du laver en flot talkage. Du f\u00e5r skabelonerne i b\u00e5de A4 og A5 format, s\u00e5 du kan lave kagen i to st\u00f8rrelser.\" \/>\n<meta name=\"robots\" content=\"index, follow, max-snippet:-1, max-image-preview:large, max-video-preview:-1\" \/>\n<link rel=\"canonical\" href=\"https:\/\/frederikkewaerens.dk\/en\/product\/talskabeloner\/\" \/>\n<meta property=\"og:locale\" content=\"en_US\" \/>\n<meta property=\"og:type\" content=\"article\" \/>\n<meta property=\"og:title\" content=\"Talskabeloner til kage - Lav en smuk talkage\" \/>\n<meta property=\"og:description\" content=\"Du kan bruge de her talskabeloner, n\u00e5r du laver en flot talkage. Du f\u00e5r skabelonerne i b\u00e5de A4 og A5 format, s\u00e5 du kan lave kagen i to st\u00f8rrelser.\" \/>\n<meta property=\"og:url\" content=\"https:\/\/frederikkewaerens.dk\/en\/product\/talskabeloner\/\" \/>\n<meta property=\"og:site_name\" content=\"Frederikke W\u00e6rens\" \/>\n<meta property=\"article:modified_time\" content=\"2023-11-09T11:56:20+00:00\" \/>\n<meta property=\"og:image\" content=\"https:\/\/frederikkewaerens.dk\/wp-content\/uploads\/2023\/07\/fw-talskabeloner@2x.jpg\" \/>\n\t<meta property=\"og:image:width\" content=\"748\" \/>\n\t<meta property=\"og:image:height\" content=\"748\" \/>\n\t<meta property=\"og:image:type\" content=\"image\/jpeg\" \/>\n<meta name=\"twitter:card\" content=\"summary_large_image\" \/>\n<meta name=\"twitter:label1\" content=\"Est. reading time\" \/>\n\t<meta name=\"twitter:data1\" content=\"2 minutes\" \/>\n<script type=\"application\/ld+json\" class=\"yoast-schema-graph\">{\"@context\":\"https:\/\/schema.org\",\"@graph\":[{\"@type\":\"WebPage\",\"@id\":\"https:\/\/frederikkewaerens.dk\/en\/product\/talskabeloner\/\",\"url\":\"https:\/\/frederikkewaerens.dk\/en\/product\/talskabeloner\/\",\"name\":\"Talskabeloner til kage - Lav en smuk talkage\",\"isPartOf\":{\"@id\":\"https:\/\/frederikkewaerens.dk\/en\/#website\"},\"primaryImageOfPage\":{\"@id\":\"https:\/\/frederikkewaerens.dk\/en\/product\/talskabeloner\/#primaryimage\"},\"image\":{\"@id\":\"https:\/\/frederikkewaerens.dk\/en\/product\/talskabeloner\/#primaryimage\"},\"thumbnailUrl\":\"https:\/\/frederikkewaerens.dk\/wp-content\/uploads\/2023\/07\/fw-talskabeloner@2x.jpg\",\"datePublished\":\"2023-07-06T08:15:07+00:00\",\"dateModified\":\"2023-11-09T11:56:20+00:00\",\"description\":\"Du kan bruge de her talskabeloner, n\u00e5r du laver en flot talkage. Du f\u00e5r skabelonerne i b\u00e5de A4 og A5 format, s\u00e5 du kan lave kagen i to st\u00f8rrelser.\",\"breadcrumb\":{\"@id\":\"https:\/\/frederikkewaerens.dk\/en\/product\/talskabeloner\/#breadcrumb\"},\"inLanguage\":\"en-US\",\"potentialAction\":[{\"@type\":\"ReadAction\",\"target\":[\"https:\/\/frederikkewaerens.dk\/en\/product\/talskabeloner\/\"]}]},{\"@type\":\"ImageObject\",\"inLanguage\":\"en-US\",\"@id\":\"https:\/\/frederikkewaerens.dk\/en\/product\/talskabeloner\/#primaryimage\",\"url\":\"https:\/\/frederikkewaerens.dk\/wp-content\/uploads\/2023\/07\/fw-talskabeloner@2x.jpg\",\"contentUrl\":\"https:\/\/frederikkewaerens.dk\/wp-content\/uploads\/2023\/07\/fw-talskabeloner@2x.jpg\",\"width\":748,\"height\":748,\"caption\":\"Talskabeloner - Frederikke W\u00e6rens\"},{\"@type\":\"BreadcrumbList\",\"@id\":\"https:\/\/frederikkewaerens.dk\/en\/product\/talskabeloner\/#breadcrumb\",\"itemListElement\":[{\"@type\":\"ListItem\",\"position\":1,\"name\":\"Shop\",\"item\":\"https:\/\/frederikkewaerens.dk\/en\/shop\/\"},{\"@type\":\"ListItem\",\"position\":2,\"name\":\"Skabeloner: Tal\"}]},{\"@type\":\"WebSite\",\"@id\":\"https:\/\/frederikkewaerens.dk\/en\/#website\",\"url\":\"https:\/\/frederikkewaerens.dk\/en\/\",\"name\":\"Frederikke W\u00e6rens\",\"description\":\"\",\"potentialAction\":[{\"@type\":\"SearchAction\",\"target\":{\"@type\":\"EntryPoint\",\"urlTemplate\":\"https:\/\/frederikkewaerens.dk\/en\/?s={search_term_string}\"},\"query-input\":{\"@type\":\"PropertyValueSpecification\",\"valueRequired\":true,\"valueName\":\"search_term_string\"}}],\"inLanguage\":\"en-US\"}]}<\/script>\n<!-- \/ Yoast SEO plugin. -->","yoast_head_json":{"title":"Talskabeloner til kage - Lav en smuk talkage","description":"Du kan bruge de her talskabeloner, n\u00e5r du laver en flot talkage. Du f\u00e5r skabelonerne i b\u00e5de A4 og A5 format, s\u00e5 du kan lave kagen i to st\u00f8rrelser.","robots":{"index":"index","follow":"follow","max-snippet":"max-snippet:-1","max-image-preview":"max-image-preview:large","max-video-preview":"max-video-preview:-1"},"canonical":"https:\/\/frederikkewaerens.dk\/en\/product\/talskabeloner\/","og_locale":"en_US","og_type":"article","og_title":"Talskabeloner til kage - Lav en smuk talkage","og_description":"Du kan bruge de her talskabeloner, n\u00e5r du laver en flot talkage. Du f\u00e5r skabelonerne i b\u00e5de A4 og A5 format, s\u00e5 du kan lave kagen i to st\u00f8rrelser.","og_url":"https:\/\/frederikkewaerens.dk\/en\/product\/talskabeloner\/","og_site_name":"Frederikke W\u00e6rens","article_modified_time":"2023-11-09T11:56:20+00:00","og_image":[{"width":748,"height":748,"url":"https:\/\/frederikkewaerens.dk\/wp-content\/uploads\/2023\/07\/fw-talskabeloner@2x.jpg","type":"image\/jpeg"}],"twitter_card":"summary_large_image","twitter_misc":{"Est. reading time":"2 minutes"},"schema":{"@context":"https:\/\/schema.org","@graph":[{"@type":"WebPage","@id":"https:\/\/frederikkewaerens.dk\/en\/product\/talskabeloner\/","url":"https:\/\/frederikkewaerens.dk\/en\/product\/talskabeloner\/","name":"Talskabeloner til kage - Lav en smuk talkage","isPartOf":{"@id":"https:\/\/frederikkewaerens.dk\/en\/#website"},"primaryImageOfPage":{"@id":"https:\/\/frederikkewaerens.dk\/en\/product\/talskabeloner\/#primaryimage"},"image":{"@id":"https:\/\/frederikkewaerens.dk\/en\/product\/talskabeloner\/#primaryimage"},"thumbnailUrl":"https:\/\/frederikkewaerens.dk\/wp-content\/uploads\/2023\/07\/fw-talskabeloner@2x.jpg","datePublished":"2023-07-06T08:15:07+00:00","dateModified":"2023-11-09T11:56:20+00:00","description":"Du kan bruge de her talskabeloner, n\u00e5r du laver en flot talkage. Du f\u00e5r skabelonerne i b\u00e5de A4 og A5 format, s\u00e5 du kan lave kagen i to st\u00f8rrelser.","breadcrumb":{"@id":"https:\/\/frederikkewaerens.dk\/en\/product\/talskabeloner\/#breadcrumb"},"inLanguage":"en-US","potentialAction":[{"@type":"ReadAction","target":["https:\/\/frederikkewaerens.dk\/en\/product\/talskabeloner\/"]}]},{"@type":"ImageObject","inLanguage":"en-US","@id":"https:\/\/frederikkewaerens.dk\/en\/product\/talskabeloner\/#primaryimage","url":"https:\/\/frederikkewaerens.dk\/wp-content\/uploads\/2023\/07\/fw-talskabeloner@2x.jpg","contentUrl":"https:\/\/frederikkewaerens.dk\/wp-content\/uploads\/2023\/07\/fw-talskabeloner@2x.jpg","width":748,"height":748,"caption":"Talskabeloner - Frederikke W\u00e6rens"},{"@type":"BreadcrumbList","@id":"https:\/\/frederikkewaerens.dk\/en\/product\/talskabeloner\/#breadcrumb","itemListElement":[{"@type":"ListItem","position":1,"name":"Shop","item":"https:\/\/frederikkewaerens.dk\/en\/shop\/"},{"@type":"ListItem","position":2,"name":"Skabeloner: Tal"}]},{"@type":"WebSite","@id":"https:\/\/frederikkewaerens.dk\/en\/#website","url":"https:\/\/frederikkewaerens.dk\/en\/","name":"Frederikke W\u00e6rens","description":"","potentialAction":[{"@type":"SearchAction","target":{"@type":"EntryPoint","urlTemplate":"https:\/\/frederikkewaerens.dk\/en\/?s={search_term_string}"},"query-input":{"@type":"PropertyValueSpecification","valueRequired":true,"valueName":"search_term_string"}}],"inLanguage":"en-US"}]}},"_links":{"self":[{"href":"https:\/\/frederikkewaerens.dk\/en\/wp-json\/wp\/v2\/product\/198","targetHints":{"allow":["GET"]}}],"collection":[{"href":"https:\/\/frederikkewaerens.dk\/en\/wp-json\/wp\/v2\/product"}],"about":[{"href":"https:\/\/frederikkewaerens.dk\/en\/wp-json\/wp\/v2\/types\/product"}],"wp:featuredmedia":[{"embeddable":true,"href":"https:\/\/frederikkewaerens.dk\/en\/wp-json\/wp\/v2\/media\/199"}],"wp:attachment":[{"href":"https:\/\/frederikkewaerens.dk\/en\/wp-json\/wp\/v2\/media?parent=198"}],"wp:term":[{"taxonomy":"product_brand","embeddable":true,"href":"https:\/\/frederikkewaerens.dk\/en\/wp-json\/wp\/v2\/product_brand?post=198"},{"taxonomy":"product_cat","embeddable":true,"href":"https:\/\/frederikkewaerens.dk\/en\/wp-json\/wp\/v2\/product_cat?post=198"},{"taxonomy":"product_tag","embeddable":true,"href":"https:\/\/frederikkewaerens.dk\/en\/wp-json\/wp\/v2\/product_tag?post=198"}],"curies":[{"name":"wp","href":"https:\/\/api.w.org\/{rel}","templated":true}]}}