{"id":19707,"date":"2023-10-09T09:36:59","date_gmt":"2023-10-09T09:36:59","guid":{"rendered":"https:\/\/clients.rubystudio.dk\/frederikkewaerens-2.0\/?post_type=product&#038;p=19707"},"modified":"2025-11-14T13:16:15","modified_gmt":"2025-11-14T13:16:15","slug":"sweet-baking-moments","status":"publish","type":"product","link":"https:\/\/frederikkewaerens.dk\/en\/product\/sweet-baking-moments\/","title":{"rendered":"Sweet Baking Moments"},"content":{"rendered":"","protected":false},"excerpt":{"rendered":"<p>Frederikke W\u00e6rens, with several hundred thousand followers on Instagram and readers of her blog, is Denmark&#8217;s undisputed queen of cakes. In SWEET BAKING MOMENTS, she has gathered her best recipes for playful and delicious pastries that exude homemade goodness. The book includes recipes for items such as rolls, twists, scones, croissants, and donuts and is filled with step-by-step images.<\/p>\n<p>If you are a member of Frederikke\u00b4s Food Club you have already got 10% off \ud83d\ude42<\/p>\n","protected":false},"featured_media":205,"template":"","meta":{"_acf_changed":false},"product_brand":[],"product_cat":[],"product_tag":[],"class_list":{"0":"post-19707","1":"product","2":"type-product","3":"status-publish","4":"has-post-thumbnail","7":"first","8":"instock","9":"sale","10":"taxable","11":"shipping-taxable","12":"purchasable","13":"product-type-simple"},"acf":[],"yoast_head":"<!-- This site is optimized with the Yoast SEO plugin v25.4 - https:\/\/yoast.com\/wordpress\/plugins\/seo\/ -->\n<title>Sweet Baking Moments - Masser af l\u00e6kre opskrifter<\/title>\n<meta name=\"description\" content=\"Her kan du k\u00f8be Frederikke W\u00e6rens popul\u00e6re bog &#039;Sweet Baking Moments&#039;. F\u00c5 en masse opskrifter p\u00e5 donuts, snurre, snegle og meget mere.\" \/>\n<meta name=\"robots\" content=\"index, follow, max-snippet:-1, max-image-preview:large, max-video-preview:-1\" \/>\n<link rel=\"canonical\" href=\"https:\/\/frederikkewaerens.dk\/en\/product\/sweet-baking-moments\/\" \/>\n<meta property=\"og:locale\" content=\"en_US\" \/>\n<meta property=\"og:type\" content=\"article\" \/>\n<meta property=\"og:title\" content=\"Sweet Baking Moments - Masser af l\u00e6kre opskrifter\" \/>\n<meta property=\"og:description\" content=\"Her kan du k\u00f8be Frederikke W\u00e6rens popul\u00e6re bog &#039;Sweet Baking Moments&#039;. F\u00c5 en masse opskrifter p\u00e5 donuts, snurre, snegle og meget mere.\" \/>\n<meta property=\"og:url\" content=\"https:\/\/frederikkewaerens.dk\/en\/product\/sweet-baking-moments\/\" \/>\n<meta property=\"og:site_name\" content=\"Frederikke W\u00e6rens\" \/>\n<meta property=\"article:modified_time\" content=\"2025-11-14T13:16:15+00:00\" \/>\n<meta property=\"og:image\" content=\"https:\/\/frederikkewaerens.dk\/wp-content\/uploads\/2023\/07\/fw-sweet-baking-moments@2x.jpg\" \/>\n\t<meta property=\"og:image:width\" content=\"748\" \/>\n\t<meta property=\"og:image:height\" content=\"748\" \/>\n\t<meta property=\"og:image:type\" content=\"image\/jpeg\" \/>\n<meta name=\"twitter:card\" content=\"summary_large_image\" \/>\n<meta name=\"twitter:label1\" content=\"Est. reading time\" \/>\n\t<meta name=\"twitter:data1\" content=\"1 minute\" \/>\n<script type=\"application\/ld+json\" class=\"yoast-schema-graph\">{\"@context\":\"https:\/\/schema.org\",\"@graph\":[{\"@type\":\"WebPage\",\"@id\":\"https:\/\/frederikkewaerens.dk\/en\/product\/sweet-baking-moments\/\",\"url\":\"https:\/\/frederikkewaerens.dk\/en\/product\/sweet-baking-moments\/\",\"name\":\"Sweet Baking Moments - Masser af l\u00e6kre opskrifter\",\"isPartOf\":{\"@id\":\"https:\/\/frederikkewaerens.dk\/en\/#website\"},\"primaryImageOfPage\":{\"@id\":\"https:\/\/frederikkewaerens.dk\/en\/product\/sweet-baking-moments\/#primaryimage\"},\"image\":{\"@id\":\"https:\/\/frederikkewaerens.dk\/en\/product\/sweet-baking-moments\/#primaryimage\"},\"thumbnailUrl\":\"https:\/\/frederikkewaerens.dk\/wp-content\/uploads\/2023\/07\/fw-sweet-baking-moments@2x.jpg\",\"datePublished\":\"2023-10-09T09:36:59+00:00\",\"dateModified\":\"2025-11-14T13:16:15+00:00\",\"description\":\"Her kan du k\u00f8be Frederikke W\u00e6rens popul\u00e6re bog 'Sweet Baking Moments'. F\u00c5 en masse opskrifter p\u00e5 donuts, snurre, snegle og meget mere.\",\"breadcrumb\":{\"@id\":\"https:\/\/frederikkewaerens.dk\/en\/product\/sweet-baking-moments\/#breadcrumb\"},\"inLanguage\":\"en-US\",\"potentialAction\":[{\"@type\":\"ReadAction\",\"target\":[\"https:\/\/frederikkewaerens.dk\/en\/product\/sweet-baking-moments\/\"]}]},{\"@type\":\"ImageObject\",\"inLanguage\":\"en-US\",\"@id\":\"https:\/\/frederikkewaerens.dk\/en\/product\/sweet-baking-moments\/#primaryimage\",\"url\":\"https:\/\/frederikkewaerens.dk\/wp-content\/uploads\/2023\/07\/fw-sweet-baking-moments@2x.jpg\",\"contentUrl\":\"https:\/\/frederikkewaerens.dk\/wp-content\/uploads\/2023\/07\/fw-sweet-baking-moments@2x.jpg\",\"width\":748,\"height\":748,\"caption\":\"Sweet Baking Moments - Frederikke W\u00e6rens\"},{\"@type\":\"BreadcrumbList\",\"@id\":\"https:\/\/frederikkewaerens.dk\/en\/product\/sweet-baking-moments\/#breadcrumb\",\"itemListElement\":[{\"@type\":\"ListItem\",\"position\":1,\"name\":\"Shop\",\"item\":\"https:\/\/frederikkewaerens.dk\/en\/shop\/\"},{\"@type\":\"ListItem\",\"position\":2,\"name\":\"Sweet Baking Moments\"}]},{\"@type\":\"WebSite\",\"@id\":\"https:\/\/frederikkewaerens.dk\/en\/#website\",\"url\":\"https:\/\/frederikkewaerens.dk\/en\/\",\"name\":\"Frederikke W\u00e6rens\",\"description\":\"\",\"potentialAction\":[{\"@type\":\"SearchAction\",\"target\":{\"@type\":\"EntryPoint\",\"urlTemplate\":\"https:\/\/frederikkewaerens.dk\/en\/?s={search_term_string}\"},\"query-input\":{\"@type\":\"PropertyValueSpecification\",\"valueRequired\":true,\"valueName\":\"search_term_string\"}}],\"inLanguage\":\"en-US\"}]}<\/script>\n<!-- \/ Yoast SEO plugin. -->","yoast_head_json":{"title":"Sweet Baking Moments - Masser af l\u00e6kre opskrifter","description":"Her kan du k\u00f8be Frederikke W\u00e6rens popul\u00e6re bog 'Sweet Baking Moments'. F\u00c5 en masse opskrifter p\u00e5 donuts, snurre, snegle og meget mere.","robots":{"index":"index","follow":"follow","max-snippet":"max-snippet:-1","max-image-preview":"max-image-preview:large","max-video-preview":"max-video-preview:-1"},"canonical":"https:\/\/frederikkewaerens.dk\/en\/product\/sweet-baking-moments\/","og_locale":"en_US","og_type":"article","og_title":"Sweet Baking Moments - Masser af l\u00e6kre opskrifter","og_description":"Her kan du k\u00f8be Frederikke W\u00e6rens popul\u00e6re bog 'Sweet Baking Moments'. F\u00c5 en masse opskrifter p\u00e5 donuts, snurre, snegle og meget mere.","og_url":"https:\/\/frederikkewaerens.dk\/en\/product\/sweet-baking-moments\/","og_site_name":"Frederikke W\u00e6rens","article_modified_time":"2025-11-14T13:16:15+00:00","og_image":[{"width":748,"height":748,"url":"https:\/\/frederikkewaerens.dk\/wp-content\/uploads\/2023\/07\/fw-sweet-baking-moments@2x.jpg","type":"image\/jpeg"}],"twitter_card":"summary_large_image","twitter_misc":{"Est. reading time":"1 minute"},"schema":{"@context":"https:\/\/schema.org","@graph":[{"@type":"WebPage","@id":"https:\/\/frederikkewaerens.dk\/en\/product\/sweet-baking-moments\/","url":"https:\/\/frederikkewaerens.dk\/en\/product\/sweet-baking-moments\/","name":"Sweet Baking Moments - Masser af l\u00e6kre opskrifter","isPartOf":{"@id":"https:\/\/frederikkewaerens.dk\/en\/#website"},"primaryImageOfPage":{"@id":"https:\/\/frederikkewaerens.dk\/en\/product\/sweet-baking-moments\/#primaryimage"},"image":{"@id":"https:\/\/frederikkewaerens.dk\/en\/product\/sweet-baking-moments\/#primaryimage"},"thumbnailUrl":"https:\/\/frederikkewaerens.dk\/wp-content\/uploads\/2023\/07\/fw-sweet-baking-moments@2x.jpg","datePublished":"2023-10-09T09:36:59+00:00","dateModified":"2025-11-14T13:16:15+00:00","description":"Her kan du k\u00f8be Frederikke W\u00e6rens popul\u00e6re bog 'Sweet Baking Moments'. F\u00c5 en masse opskrifter p\u00e5 donuts, snurre, snegle og meget mere.","breadcrumb":{"@id":"https:\/\/frederikkewaerens.dk\/en\/product\/sweet-baking-moments\/#breadcrumb"},"inLanguage":"en-US","potentialAction":[{"@type":"ReadAction","target":["https:\/\/frederikkewaerens.dk\/en\/product\/sweet-baking-moments\/"]}]},{"@type":"ImageObject","inLanguage":"en-US","@id":"https:\/\/frederikkewaerens.dk\/en\/product\/sweet-baking-moments\/#primaryimage","url":"https:\/\/frederikkewaerens.dk\/wp-content\/uploads\/2023\/07\/fw-sweet-baking-moments@2x.jpg","contentUrl":"https:\/\/frederikkewaerens.dk\/wp-content\/uploads\/2023\/07\/fw-sweet-baking-moments@2x.jpg","width":748,"height":748,"caption":"Sweet Baking Moments - Frederikke W\u00e6rens"},{"@type":"BreadcrumbList","@id":"https:\/\/frederikkewaerens.dk\/en\/product\/sweet-baking-moments\/#breadcrumb","itemListElement":[{"@type":"ListItem","position":1,"name":"Shop","item":"https:\/\/frederikkewaerens.dk\/en\/shop\/"},{"@type":"ListItem","position":2,"name":"Sweet Baking Moments"}]},{"@type":"WebSite","@id":"https:\/\/frederikkewaerens.dk\/en\/#website","url":"https:\/\/frederikkewaerens.dk\/en\/","name":"Frederikke W\u00e6rens","description":"","potentialAction":[{"@type":"SearchAction","target":{"@type":"EntryPoint","urlTemplate":"https:\/\/frederikkewaerens.dk\/en\/?s={search_term_string}"},"query-input":{"@type":"PropertyValueSpecification","valueRequired":true,"valueName":"search_term_string"}}],"inLanguage":"en-US"}]}},"_links":{"self":[{"href":"https:\/\/frederikkewaerens.dk\/en\/wp-json\/wp\/v2\/product\/19707","targetHints":{"allow":["GET"]}}],"collection":[{"href":"https:\/\/frederikkewaerens.dk\/en\/wp-json\/wp\/v2\/product"}],"about":[{"href":"https:\/\/frederikkewaerens.dk\/en\/wp-json\/wp\/v2\/types\/product"}],"wp:featuredmedia":[{"embeddable":true,"href":"https:\/\/frederikkewaerens.dk\/en\/wp-json\/wp\/v2\/media\/205"}],"wp:attachment":[{"href":"https:\/\/frederikkewaerens.dk\/en\/wp-json\/wp\/v2\/media?parent=19707"}],"wp:term":[{"taxonomy":"product_brand","embeddable":true,"href":"https:\/\/frederikkewaerens.dk\/en\/wp-json\/wp\/v2\/product_brand?post=19707"},{"taxonomy":"product_cat","embeddable":true,"href":"https:\/\/frederikkewaerens.dk\/en\/wp-json\/wp\/v2\/product_cat?post=19707"},{"taxonomy":"product_tag","embeddable":true,"href":"https:\/\/frederikkewaerens.dk\/en\/wp-json\/wp\/v2\/product_tag?post=19707"}],"curies":[{"name":"wp","href":"https:\/\/api.w.org\/{rel}","templated":true}]}}