{"id":19653,"date":"2023-06-27T09:05:17","date_gmt":"2023-06-27T09:05:17","guid":{"rendered":"https:\/\/clients.rubystudio.dk\/frederikkewaerens-2.0\/kontakt\/"},"modified":"2023-10-09T17:55:34","modified_gmt":"2023-10-09T17:55:34","slug":"contact","status":"publish","type":"page","link":"https:\/\/frederikkewaerens.dk\/en\/contact\/","title":{"rendered":"Contact"},"content":{"rendered":"<p>Hvis du har sp\u00f8rgsm\u00e5l til mine opskrifter, kan du skrive en kommentar under indl\u00e6gget. P\u00e5 den m\u00e5de kan andre ogs\u00e5 f\u00e5 gl\u00e6de af din kommentar og mit svar. Jeg pr\u00f8ver at besvare alle kommentarer s\u00e5 hurtigt som muligt.<\/p>\n<p>Vil du kontakte mig i forbindelse med samarbejde p\u00e5 mine sociale medier, bedes du skrive til min agent Anne fra Social Embassy p\u00e5: <a href=\"mailto:ahl@socialembassy.dk\">ahl@socialembassy.dk<\/a><\/p>\n<p>&nbsp;<\/p>\n<p>Vipmedia ApS<br \/>\nBj\u00e6lkevangen 9<br \/>\n2690 Karlslunde<\/p>\n<p>CVR 43363026<\/p>\n","protected":false},"excerpt":{"rendered":"<p>Hvis du har sp\u00f8rgsm\u00e5l til mine opskrifter, kan du skrive en kommentar under indl\u00e6gget. P\u00e5 den m\u00e5de kan andre ogs\u00e5 f\u00e5 gl\u00e6de af din kommentar og mit svar. Jeg pr\u00f8ver at besvare alle kommentarer s\u00e5 hurtigt som muligt. Vil du kontakte mig i forbindelse med samarbejde p\u00e5 mine sociale medier, bedes du skrive til min [&hellip;]<\/p>\n","protected":false},"author":2,"featured_media":0,"parent":0,"menu_order":0,"comment_status":"closed","ping_status":"closed","template":"","meta":{"_acf_changed":false,"footnotes":""},"class_list":["post-19653","page","type-page","status-publish","hentry"],"acf":[],"yoast_head":"<!-- This site is optimized with the Yoast SEO plugin v25.4 - https:\/\/yoast.com\/wordpress\/plugins\/seo\/ -->\n<title>Contact - Frederikke W\u00e6rens<\/title>\n<meta name=\"robots\" content=\"index, follow, max-snippet:-1, max-image-preview:large, max-video-preview:-1\" \/>\n<link rel=\"canonical\" href=\"https:\/\/frederikkewaerens.dk\/en\/contact\/\" \/>\n<meta property=\"og:locale\" content=\"en_US\" \/>\n<meta property=\"og:type\" content=\"article\" \/>\n<meta property=\"og:title\" content=\"Contact - Frederikke W\u00e6rens\" \/>\n<meta property=\"og:description\" content=\"Hvis du har sp\u00f8rgsm\u00e5l til mine opskrifter, kan du skrive en kommentar under indl\u00e6gget. P\u00e5 den m\u00e5de kan andre ogs\u00e5 f\u00e5 gl\u00e6de af din kommentar og mit svar. Jeg pr\u00f8ver at besvare alle kommentarer s\u00e5 hurtigt som muligt. Vil du kontakte mig i forbindelse med samarbejde p\u00e5 mine sociale medier, bedes du skrive til min [&hellip;]\" \/>\n<meta property=\"og:url\" content=\"https:\/\/frederikkewaerens.dk\/en\/contact\/\" \/>\n<meta property=\"og:site_name\" content=\"Frederikke W\u00e6rens\" \/>\n<meta property=\"article:modified_time\" content=\"2023-10-09T17:55:34+00:00\" \/>\n<meta name=\"twitter:card\" content=\"summary_large_image\" \/>\n<script type=\"application\/ld+json\" class=\"yoast-schema-graph\">{\"@context\":\"https:\/\/schema.org\",\"@graph\":[{\"@type\":\"WebPage\",\"@id\":\"https:\/\/frederikkewaerens.dk\/en\/contact\/\",\"url\":\"https:\/\/frederikkewaerens.dk\/en\/contact\/\",\"name\":\"Contact - Frederikke W\u00e6rens\",\"isPartOf\":{\"@id\":\"https:\/\/frederikkewaerens.dk\/en\/#website\"},\"datePublished\":\"2023-06-27T09:05:17+00:00\",\"dateModified\":\"2023-10-09T17:55:34+00:00\",\"inLanguage\":\"en-US\",\"potentialAction\":[{\"@type\":\"ReadAction\",\"target\":[\"https:\/\/frederikkewaerens.dk\/en\/contact\/\"]}]},{\"@type\":\"WebSite\",\"@id\":\"https:\/\/frederikkewaerens.dk\/en\/#website\",\"url\":\"https:\/\/frederikkewaerens.dk\/en\/\",\"name\":\"Frederikke W\u00e6rens\",\"description\":\"\",\"potentialAction\":[{\"@type\":\"SearchAction\",\"target\":{\"@type\":\"EntryPoint\",\"urlTemplate\":\"https:\/\/frederikkewaerens.dk\/en\/?s={search_term_string}\"},\"query-input\":{\"@type\":\"PropertyValueSpecification\",\"valueRequired\":true,\"valueName\":\"search_term_string\"}}],\"inLanguage\":\"en-US\"}]}<\/script>\n<!-- \/ Yoast SEO plugin. -->","yoast_head_json":{"title":"Contact - Frederikke W\u00e6rens","robots":{"index":"index","follow":"follow","max-snippet":"max-snippet:-1","max-image-preview":"max-image-preview:large","max-video-preview":"max-video-preview:-1"},"canonical":"https:\/\/frederikkewaerens.dk\/en\/contact\/","og_locale":"en_US","og_type":"article","og_title":"Contact - Frederikke W\u00e6rens","og_description":"Hvis du har sp\u00f8rgsm\u00e5l til mine opskrifter, kan du skrive en kommentar under indl\u00e6gget. P\u00e5 den m\u00e5de kan andre ogs\u00e5 f\u00e5 gl\u00e6de af din kommentar og mit svar. Jeg pr\u00f8ver at besvare alle kommentarer s\u00e5 hurtigt som muligt. Vil du kontakte mig i forbindelse med samarbejde p\u00e5 mine sociale medier, bedes du skrive til min [&hellip;]","og_url":"https:\/\/frederikkewaerens.dk\/en\/contact\/","og_site_name":"Frederikke W\u00e6rens","article_modified_time":"2023-10-09T17:55:34+00:00","twitter_card":"summary_large_image","schema":{"@context":"https:\/\/schema.org","@graph":[{"@type":"WebPage","@id":"https:\/\/frederikkewaerens.dk\/en\/contact\/","url":"https:\/\/frederikkewaerens.dk\/en\/contact\/","name":"Contact - Frederikke W\u00e6rens","isPartOf":{"@id":"https:\/\/frederikkewaerens.dk\/en\/#website"},"datePublished":"2023-06-27T09:05:17+00:00","dateModified":"2023-10-09T17:55:34+00:00","inLanguage":"en-US","potentialAction":[{"@type":"ReadAction","target":["https:\/\/frederikkewaerens.dk\/en\/contact\/"]}]},{"@type":"WebSite","@id":"https:\/\/frederikkewaerens.dk\/en\/#website","url":"https:\/\/frederikkewaerens.dk\/en\/","name":"Frederikke W\u00e6rens","description":"","potentialAction":[{"@type":"SearchAction","target":{"@type":"EntryPoint","urlTemplate":"https:\/\/frederikkewaerens.dk\/en\/?s={search_term_string}"},"query-input":{"@type":"PropertyValueSpecification","valueRequired":true,"valueName":"search_term_string"}}],"inLanguage":"en-US"}]}},"_links":{"self":[{"href":"https:\/\/frederikkewaerens.dk\/en\/wp-json\/wp\/v2\/pages\/19653","targetHints":{"allow":["GET"]}}],"collection":[{"href":"https:\/\/frederikkewaerens.dk\/en\/wp-json\/wp\/v2\/pages"}],"about":[{"href":"https:\/\/frederikkewaerens.dk\/en\/wp-json\/wp\/v2\/types\/page"}],"author":[{"embeddable":true,"href":"https:\/\/frederikkewaerens.dk\/en\/wp-json\/wp\/v2\/users\/2"}],"replies":[{"embeddable":true,"href":"https:\/\/frederikkewaerens.dk\/en\/wp-json\/wp\/v2\/comments?post=19653"}],"version-history":[{"count":2,"href":"https:\/\/frederikkewaerens.dk\/en\/wp-json\/wp\/v2\/pages\/19653\/revisions"}],"predecessor-version":[{"id":20174,"href":"https:\/\/frederikkewaerens.dk\/en\/wp-json\/wp\/v2\/pages\/19653\/revisions\/20174"}],"wp:attachment":[{"href":"https:\/\/frederikkewaerens.dk\/en\/wp-json\/wp\/v2\/media?parent=19653"}],"curies":[{"name":"wp","href":"https:\/\/api.w.org\/{rel}","templated":true}]}}